{"id":8539,"date":"2022-03-25T13:28:52","date_gmt":"2022-03-25T11:28:52","guid":{"rendered":"https:\/\/ipv4.ssrei.ch\/processus\/"},"modified":"2025-02-07T10:08:49","modified_gmt":"2025-02-07T08:08:49","slug":"processus","status":"publish","type":"page","link":"https:\/\/ssrei.ch\/fr\/processus\/","title":{"rendered":"PROCESSUS"},"content":{"rendered":"<style data-type=\"us_custom-css\">.g-cols.cols_custom{margin-top:120px;grid-template-columns:1fr 4fr 1fr!important}<\/style><section class=\"l-section wpb_row us_custom_eef79b84 hide_on_mobiles height_small width_full color_alternate with_img\" id=\"second\"><div class=\"l-section-img\" role=\"img\" aria-label=\"Image\" data-img-width=\"\" data-img-height=\"\" style=\"background-image: url(https:\/\/ssrei.ch\/wp-content\/uploads\/2022\/03\/SSREI_Header_Neu_ohne-1.svg);background-position: bottom center;\"><\/div><div class=\"l-section-h i-cf\"><div class=\"g-cols vc_row via_grid cols_3 laptops-cols_inherit tablets-cols_inherit mobiles-cols_1 valign_top type_default\" style=\"--columns-gap:0rem;\"><div class=\"wpb_column vc_column_container\"><div class=\"vc_column-inner\"><div class=\"w-image us_custom_fe99cab1 us_animate_this align_left\"><a title=\"Plateforme de prestataires\" href=\"https:\/\/ssrei.ch\/fr\/prestataires\/\" aria-label=\"Dienstleister_Button_FR\" class=\"w-image-h\"><img decoding=\"async\" width=\"150\" height=\"150\" src=\"https:\/\/ssrei.ch\/wp-content\/uploads\/2022\/03\/Dienstleister_Button_FR-1.svg\" class=\"attachment-thumbnail size-thumbnail\" alt=\"\" loading=\"lazy\" \/><\/a><\/div><\/div><\/div><div class=\"wpb_column vc_column_container\"><div class=\"vc_column-inner\"><div class=\"w-image us_custom_8eae7798 us_animate_this hide_on_mobiles align_center\"><div class=\"w-image-h\"><img decoding=\"async\" width=\"600\" height=\"400\" src=\"https:\/\/ssrei.ch\/wp-content\/uploads\/2022\/03\/SSREI_Logodesign_CMYK.svg\" class=\"attachment-us_600_400 size-us_600_400\" alt=\"\" loading=\"lazy\" \/><\/div><\/div><div class=\"w-image us_custom_72fc42ef align_center\"><div class=\"w-image-h\"><img decoding=\"async\" width=\"400\" height=\"200\" src=\"https:\/\/ssrei.ch\/wp-content\/uploads\/2022\/03\/SQS_GRESB.svg\" class=\"attachment-us_400_200 size-us_400_200\" alt=\"\" loading=\"lazy\" \/><\/div><\/div><\/div><\/div><div class=\"wpb_column vc_column_container\"><div class=\"vc_column-inner\"><div class=\"w-image us_custom_a637f150 us_animate_this align_right\"><a href=\"https:\/\/ssrei.ch\/fr\/news\/#Newsletter_Titel_FR\" aria-label=\"Newsletter_Button_FR\" class=\"w-image-h\"><img decoding=\"async\" width=\"150\" height=\"150\" src=\"https:\/\/ssrei.ch\/wp-content\/uploads\/2022\/03\/Newsletter_Button_FR.svg\" class=\"attachment-thumbnail size-thumbnail\" alt=\"\" loading=\"lazy\" \/><\/a><\/div><\/div><\/div><\/div><\/div><\/section><section class=\"l-section wpb_row us_custom_eef79b84 hide_on_default hide_on_laptops hide_on_tablets height_small width_full color_alternate with_img\" id=\"second\"><div class=\"l-section-img\" role=\"img\" aria-label=\"Image\" data-img-width=\"\" data-img-height=\"\" style=\"background-image: url(https:\/\/ssrei.ch\/wp-content\/uploads\/2022\/03\/SSREI_Header_Neu_ohne-1.svg);background-repeat: no-repeat;\"><\/div><div class=\"l-section-h i-cf\"><div class=\"g-cols vc_row via_grid cols_custom laptops-cols_inherit tablets-cols_inherit mobiles-cols_1 valign_top type_default\" style=\"--columns-gap:0rem;--custom-columns:1.5fr 3fr 1.5fr \"><div class=\"wpb_column vc_column_container\"><div class=\"vc_column-inner\"><div class=\"w-image us_custom_f528f3d8 us_animate_this align_left\"><a title=\"Plateforme de prestataires\" href=\"https:\/\/ssrei.ch\/fr\/prestataires\/\" aria-label=\"Dienstleister_Button_FR\" class=\"w-image-h\"><img decoding=\"async\" width=\"75\" height=\"75\" src=\"https:\/\/ssrei.ch\/wp-content\/uploads\/2022\/03\/Dienstleister_Button_FR-1.svg\" class=\"attachment-us_75_75 size-us_75_75\" alt=\"\" loading=\"lazy\" \/><\/a><\/div><\/div><\/div><div class=\"wpb_column vc_column_container\"><div class=\"vc_column-inner\"><div class=\"w-image us_custom_7049b335 us_animate_this hide_on_default hide_on_laptops hide_on_tablets align_center\"><div class=\"w-image-h\"><img decoding=\"async\" width=\"400\" height=\"200\" src=\"https:\/\/ssrei.ch\/wp-content\/uploads\/2022\/03\/SSREI_Logodesign_CMYK.svg\" class=\"attachment-us_400_200 size-us_400_200\" alt=\"\" loading=\"lazy\" \/><\/div><\/div><div class=\"w-image us_custom_972c33a7 align_center\"><div class=\"w-image-h\"><img decoding=\"async\" src=\"https:\/\/ssrei.ch\/wp-content\/uploads\/2022\/03\/SQS_GRESB.svg\" class=\"attachment-full size-full\" alt=\"\" loading=\"lazy\" \/><\/div><\/div><\/div><\/div><div class=\"wpb_column vc_column_container\"><div class=\"vc_column-inner\"><div class=\"w-image us_custom_ad86c839 us_animate_this align_right\"><a title=\"S&#039;abonner \u00e0 la newsletter\" href=\"https:\/\/ssrei.ch\/fr\/news\/#Newsletter_Titel_FR\" aria-label=\"Newsletter_Button_FR\" class=\"w-image-h\"><img decoding=\"async\" width=\"75\" height=\"75\" src=\"https:\/\/ssrei.ch\/wp-content\/uploads\/2022\/03\/Newsletter_Button_FR.svg\" class=\"attachment-us_75_75 size-us_75_75\" alt=\"\" loading=\"lazy\" \/><\/a><\/div><\/div><\/div><\/div><\/div><\/section>\n<section class=\"l-section wpb_row height_medium\"><div class=\"l-section-overlay\" style=\"background:var(--color-header-middle-text)\"><\/div><div class=\"l-section-h i-cf\"><div class=\"g-cols vc_row via_grid cols_1 laptops-cols_inherit tablets-cols_inherit mobiles-cols_1 valign_top type_default stacking_default\"><div class=\"wpb_column vc_column_container\"><div class=\"vc_column-inner\"><div class=\"wpb_text_column us_custom_7640dd32 has_text_color us_animate_this\"><div class=\"wpb_wrapper\"><p>PROCESSUS<\/p>\n<\/div><\/div><div class=\"w-separator size_small\"><\/div><div class=\"wpb_text_column us_custom_e549b577 has_text_color\"><div class=\"wpb_wrapper\"><p>Le processus d\u2019inclusion dans le Swiss Sustainable Real Estate Index suit une proc\u00e9dure clairement d\u00e9finie. Le processus de contr\u00f4le est ensuite certifi\u00e9 par <span lang=\"FR-CH\">l\u2019<\/span><span lang=\"FR-CH\">Association Suisse pour Syst\u00e8mes de Qualit\u00e9 et de Management (SQS)<\/span><span lang=\"FR-CH\">.<\/span><\/p>\n<\/div><\/div><\/div><\/div><\/div><\/div><\/section><section class=\"l-section wpb_row us_custom_2371c8fe height_medium\"><div class=\"l-section-overlay\" style=\"background:var(--color-content-bg-alt)\"><\/div><div class=\"l-section-h i-cf\"><div class=\"g-cols vc_row via_grid cols_1 laptops-cols_inherit tablets-cols_inherit mobiles-cols_1 valign_top type_default stacking_default\" style=\"--columns-gap:1rem;\"><div class=\"wpb_column vc_column_container\"><div class=\"vc_column-inner\"><h4 class=\"w-text us_custom_35314b14 has_text_color\"><span class=\"w-text-h\"><span class=\"w-text-value\">LE PROCESSUS<\/span><\/span><\/h4><h5 class=\"w-text us_custom_497d9c3e has_text_color\"><span class=\"w-text-h\"><span class=\"w-text-value\">Le processus d\u2019inclusion comprend les \u00e9tapes suivantes :<\/span><\/span><\/h5><div class=\"w-separator size_small\"><\/div><div class=\"w-tabs us_custom_a574d586 has_text_color style_default switch_click accordion type_togglable has_scrolling\" style=\"--sections-title-size:inherit\"><div class=\"w-tabs-sections titles-align_none icon_chevron cpos_right\"><div class=\"w-tabs-section\" id=\"s807\"><button class=\"w-tabs-section-header with_icon\" aria-controls=\"content-s807\" aria-expanded=\"false\"><i class=\"fas fa-check\"><\/i><h4 class=\"w-tabs-section-title\">PREMIER RENCONTRE<\/h4><div class=\"w-tabs-section-control\"><\/div><\/button><div  class=\"w-tabs-section-content\" id=\"content-s807\"><div class=\"w-tabs-section-content-h i-cf\"><div class=\"wpb_text_column us_custom_b7160892 has_text_color\"><div class=\"wpb_wrapper\"><p>Explication du catalogue des indicateurs et exigences SSREI et du d\u00e9roulement du processus d\u2019inclusion dans l\u2019indice<\/p>\n<\/div><\/div><\/div><\/div><\/div><div class=\"w-tabs-section\" id=\"u959\"><button class=\"w-tabs-section-header with_icon\" aria-controls=\"content-u959\" aria-expanded=\"false\"><i class=\"fas fa-check\"><\/i><h4 class=\"w-tabs-section-title\">PR\u00c9PARATION<\/h4><div class=\"w-tabs-section-control\"><\/div><\/button><div  class=\"w-tabs-section-content\" id=\"content-u959\"><div class=\"w-tabs-section-content-h i-cf\"><div class=\"wpb_text_column us_custom_df766b5b\"><div class=\"wpb_wrapper\"><p>Acc\u00e8s et explications sur l&rsquo;outil d&rsquo;\u00e9valuation de portefeuille SSREI<\/p>\n<\/div><\/div><\/div><\/div><\/div><div class=\"w-tabs-section\" id=\"ua94\"><button class=\"w-tabs-section-header with_icon\" aria-controls=\"content-ua94\" aria-expanded=\"false\"><i class=\"fas fa-check\"><\/i><h4 class=\"w-tabs-section-title\">PROJET PILOTE (FACULTATIF)<\/h4><div class=\"w-tabs-section-control\"><\/div><\/button><div  class=\"w-tabs-section-content\" id=\"content-ua94\"><div class=\"w-tabs-section-content-h i-cf\"><div class=\"wpb_text_column us_custom_df766b5b\"><div class=\"wpb_wrapper\"><p>\u00c9tablissement des preuves et auto-\u00e9valuation par le donneur d\u2019ordre avec le soutien de SSREI AG \u2013 sans v\u00e9rification par le comit\u00e9 de contr\u00f4le de SSREI et en cons\u00e9quence \u00e0 titre gracieux<\/p>\n<\/div><\/div><\/div><\/div><\/div><div class=\"w-tabs-section\" id=\"tbf0\"><button class=\"w-tabs-section-header with_icon\" aria-controls=\"content-tbf0\" aria-expanded=\"false\"><i class=\"fas fa-check\"><\/i><h4 class=\"w-tabs-section-title\">V\u00c9RIFICATION, NIVEAU 1<\/h4><div class=\"w-tabs-section-control\"><\/div><\/button><div  class=\"w-tabs-section-content\" id=\"content-tbf0\"><div class=\"w-tabs-section-content-h i-cf\"><div class=\"wpb_text_column us_custom_df766b5b\"><div class=\"wpb_wrapper\"><ul>\n<li>Organisation des justificatifs de tous les immeubles du portefeuille par le donneur d&rsquo;ordre<\/li>\n<li>D\u00e9termination de l&rsquo;\u00e9chantillon par SSREI en accord avec le donneur d&rsquo;ordre<\/li>\n<li>Auto-\u00e9valuation d&rsquo;un immeuble de l&rsquo;\u00e9chantillon par le donneur d&rsquo;ordre et v\u00e9rification par l&rsquo;organe de contr\u00f4le SSREI<\/li>\n<\/ul>\n<\/div><\/div><\/div><\/div><\/div><div class=\"w-tabs-section\" id=\"ld29\"><button class=\"w-tabs-section-header with_icon\" aria-controls=\"content-ld29\" aria-expanded=\"false\"><i class=\"fas fa-check\"><\/i><h4 class=\"w-tabs-section-title\">V\u00c9RIFICATION, NIVEAU 2<\/h4><div class=\"w-tabs-section-control\"><\/div><\/button><div  class=\"w-tabs-section-content\" id=\"content-ld29\"><div class=\"w-tabs-section-content-h i-cf\"><div class=\"wpb_text_column us_custom_df766b5b\"><div class=\"wpb_wrapper\"><ul>\n<li>Auto-\u00e9valuation de tous les immeubles du portefeuille par le donneur d\u2019ordre<\/li>\n<li>V\u00e9rification des immeubles restants de l&rsquo;\u00e9chantillon par l&rsquo;organe de contr\u00f4le SSREI<\/li>\n<\/ul>\n<\/div><\/div><\/div><\/div><\/div><div class=\"w-tabs-section\" id=\"be50\"><button class=\"w-tabs-section-header with_icon\" aria-controls=\"content-be50\" aria-expanded=\"false\"><i class=\"fas fa-check\"><\/i><h4 class=\"w-tabs-section-title\">CERTIFICATION PAR LA SQS<\/h4><div class=\"w-tabs-section-control\"><\/div><\/button><div  class=\"w-tabs-section-content\" id=\"content-be50\"><div class=\"w-tabs-section-content-h i-cf\"><div class=\"wpb_text_column us_custom_df766b5b\"><div class=\"wpb_wrapper\"><p>R\u00e9vision du processus de v\u00e9rification, contr\u00f4le al\u00e9atoire et d\u00e9livrance du certificat par <span lang=\"FR-CH\">l\u2019<\/span><span lang=\"FR-CH\">Association Suisse pour Syst\u00e8mes de Qualit\u00e9 et de Management (SQS)<\/span><\/p>\n<\/div><\/div><\/div><\/div><\/div><div class=\"w-tabs-section\" id=\"tfb5\"><button class=\"w-tabs-section-header with_icon\" aria-controls=\"content-tfb5\" aria-expanded=\"false\"><i class=\"fas fa-check\"><\/i><h4 class=\"w-tabs-section-title\">INCLUSION DANS LE SSREI<\/h4><div class=\"w-tabs-section-control\"><\/div><\/button><div  class=\"w-tabs-section-content\" id=\"content-tfb5\"><div class=\"w-tabs-section-content-h i-cf\"><div class=\"wpb_text_column us_custom_df766b5b\"><div class=\"wpb_wrapper\"><p>D\u00e9livrance de la d\u00e9claration SSREI et inclusion du portefeuille immobilier dans le SSREI<\/p>\n<\/div><\/div><\/div><\/div><\/div><div class=\"w-tabs-section\" id=\"z157\"><button class=\"w-tabs-section-header with_icon\" aria-controls=\"content-z157\" aria-expanded=\"false\"><i class=\"fas fa-check\"><\/i><h4 class=\"w-tabs-section-title\">SURVEILLANCE ANNUELLE<\/h4><div class=\"w-tabs-section-control\"><\/div><\/button><div  class=\"w-tabs-section-content\" id=\"content-z157\"><div class=\"w-tabs-section-content-h i-cf\"><div class=\"wpb_text_column us_custom_df766b5b\"><div class=\"wpb_wrapper\"><div class=\"w-tabs us_custom_a574d586 has_text_color style_default switch_click type_togglable has_scrolling accordion initialized\">\n<div class=\"w-tabs-sections titles-align_none icon_chevron cpos_right\">\n<div id=\"hcd3\" class=\"w-tabs-section active\">\n<div id=\"content-hcd3\" class=\"w-tabs-section-content\">\n<div class=\"w-tabs-section-content-h i-cf\">\n<div class=\"wpb_text_column us_custom_df766b5b\">\n<div class=\"wpb_wrapper\">\n<p>Une condition sine qua non pour le maintien dans l\u2019indice est la surveillance annuelle du portefeuille<\/p>\n<\/div>\n<\/div>\n<\/div>\n<\/div>\n<\/div>\n<\/div>\n<\/div>\n<\/div><\/div><\/div><\/div><\/div><\/div><\/div><\/div><\/div><\/div><\/div><\/section><section class=\"l-section wpb_row us_custom_4fd89a8b height_auto\"><div class=\"l-section-overlay\" style=\"background:var(--color-header-middle-text)\"><\/div><div class=\"l-section-h i-cf\"><div class=\"g-cols vc_row via_grid cols_1 laptops-cols_inherit tablets-cols_inherit mobiles-cols_1 valign_top type_default stacking_default\"><div class=\"wpb_column vc_column_container\"><div class=\"vc_column-inner\"><\/div><\/div><\/div><\/div><\/section><section class=\"l-section wpb_row height_medium\"><div class=\"l-section-overlay\" style=\"background:var(--color-content-bg-alt)\"><\/div><div class=\"l-section-h i-cf\"><div class=\"g-cols vc_row via_grid cols_1 laptops-cols_inherit tablets-cols_inherit mobiles-cols_1 valign_top type_default stacking_default\"><div class=\"wpb_column vc_column_container\"><div class=\"vc_column-inner\"><h4 class=\"w-text us_custom_35314b14 has_text_color\"><span class=\"w-text-h\"><span class=\"w-text-value\">ESTIMATION DES CHARGES<\/span><\/span><\/h4><div class=\"w-image align_none\"><div class=\"w-image-h\"><img decoding=\"async\" width=\"1024\" height=\"1024\" src=\"https:\/\/ssrei.ch\/wp-content\/uploads\/2024\/07\/SSREI_Evaluation_InclusionDansLindice_FR.svg\" class=\"attachment-large size-large\" alt=\"\" loading=\"lazy\" \/><\/div><\/div><div class=\"w-image align_none\"><div class=\"w-image-h\"><img decoding=\"async\" width=\"1024\" height=\"1024\" src=\"https:\/\/ssrei.ch\/wp-content\/uploads\/2024\/07\/SSREI_Evaluation_SurveillanceAnnuel_FR.svg\" class=\"attachment-large size-large\" alt=\"\" loading=\"lazy\" \/><\/div><\/div><div class=\"w-image align_none\"><div class=\"w-image-h\"><img decoding=\"async\" width=\"1024\" height=\"1024\" src=\"https:\/\/ssrei.ch\/wp-content\/uploads\/2024\/07\/SSREI_Evaluation_ExtensionDuPortefeuille_FR.svg\" class=\"attachment-large size-large\" alt=\"\" loading=\"lazy\" \/><\/div><\/div><\/div><\/div><\/div><\/div><\/section><section class=\"l-section wpb_row us_custom_4fd89a8b height_auto\"><div class=\"l-section-overlay\" style=\"background:var(--color-header-middle-text)\"><\/div><div class=\"l-section-h i-cf\"><div class=\"g-cols vc_row via_grid cols_1 laptops-cols_inherit tablets-cols_inherit mobiles-cols_1 valign_top type_default stacking_default\"><div class=\"wpb_column vc_column_container\"><div class=\"vc_column-inner\"><\/div><\/div><\/div><\/div><\/section><section class=\"l-section wpb_row height_medium\"><div class=\"l-section-overlay\" style=\"background:var(--color-content-bg-alt)\"><\/div><div class=\"l-section-h i-cf\"><div class=\"g-cols vc_row via_grid cols_1 laptops-cols_inherit tablets-cols_inherit mobiles-cols_1 valign_top type_default stacking_default\"><div class=\"wpb_column vc_column_container\"><div class=\"vc_column-inner\"><h4 class=\"w-text us_custom_35314b14 has_text_color\"><span class=\"w-text-h\"><span class=\"w-text-value\">STRUCTURE DES CO\u00dbTS<\/span><\/span><\/h4><div class=\"w-image align_none\"><div class=\"w-image-h\"><img decoding=\"async\" width=\"1000\" height=\"389\" src=\"https:\/\/ssrei.ch\/wp-content\/uploads\/2025\/02\/SSREI_StructureDeCoutes_FIN_FR_2-1024x398.png\" class=\"attachment-large size-large\" alt=\"\" loading=\"lazy\" srcset=\"https:\/\/ssrei.ch\/wp-content\/uploads\/2025\/02\/SSREI_StructureDeCoutes_FIN_FR_2-1024x398.png 1024w, https:\/\/ssrei.ch\/wp-content\/uploads\/2025\/02\/SSREI_StructureDeCoutes_FIN_FR_2-300x117.png 300w, https:\/\/ssrei.ch\/wp-content\/uploads\/2025\/02\/SSREI_StructureDeCoutes_FIN_FR_2-150x58.png 150w, https:\/\/ssrei.ch\/wp-content\/uploads\/2025\/02\/SSREI_StructureDeCoutes_FIN_FR_2-400x156.png 400w, https:\/\/ssrei.ch\/wp-content\/uploads\/2025\/02\/SSREI_StructureDeCoutes_FIN_FR_2-600x233.png 600w, https:\/\/ssrei.ch\/wp-content\/uploads\/2025\/02\/SSREI_StructureDeCoutes_FIN_FR_2-200x78.png 200w, https:\/\/ssrei.ch\/wp-content\/uploads\/2025\/02\/SSREI_StructureDeCoutes_FIN_FR_2-250x97.png 250w, https:\/\/ssrei.ch\/wp-content\/uploads\/2025\/02\/SSREI_StructureDeCoutes_FIN_FR_2-75x29.png 75w, https:\/\/ssrei.ch\/wp-content\/uploads\/2025\/02\/SSREI_StructureDeCoutes_FIN_FR_2-1542x600.png 1542w, https:\/\/ssrei.ch\/wp-content\/uploads\/2025\/02\/SSREI_StructureDeCoutes_FIN_FR_2-1028x400.png 1028w\" sizes=\"auto, (max-width: 1000px) 100vw, 1000px\" \/><\/div><\/div><\/div><\/div><\/div><\/div><\/section><section class=\"l-section wpb_row us_custom_4fd89a8b height_medium\"><div class=\"l-section-overlay\" style=\"background:var(--color-header-middle-text)\"><\/div><div class=\"l-section-h i-cf\"><div class=\"g-cols vc_row via_grid cols_1 laptops-cols_inherit tablets-cols_inherit mobiles-cols_1 valign_top type_default stacking_default\"><div class=\"wpb_column vc_column_container\"><div class=\"vc_column-inner\"><div class=\"wpb_text_column us_custom_8b3d6790 has_text_color\"><div class=\"wpb_wrapper\"><h5 style=\"text-align: center;\">Toutes les informations compl\u00e9mentaires sur l&rsquo;\u00e9valuation, les indicateurs, le processus de v\u00e9rification et de certification se trouvent <a href=\"https:\/\/media.ssrei.ch\/SSREI_Manuel_VA.pdf?_ga=2.204622800.1745053595.1720183907-893748047.1720183907\" target=\"_blank\" rel=\"noopener\"><span style=\"color: #ff9900;\"><u>ici dans le manuel<\/u><\/span><\/a>.<\/h5>\n<\/div><\/div><\/div><\/div><\/div><\/div><\/section>\n","protected":false},"excerpt":{"rendered":"PROCESSUS Le processus d\u2019inclusion dans le Swiss Sustainable Real Estate Index suit une proc\u00e9dure clairement d\u00e9finie. Le processus de contr\u00f4le est ensuite certifi\u00e9 par l\u2019Association Suisse pour Syst\u00e8mes de Qualit\u00e9 et de Management (SQS). LE PROCESSUSLe processus d\u2019inclusion comprend les \u00e9tapes suivantes :PREMIER RENCONTREExplication du catalogue des indicateurs et exigences SSREI et du d\u00e9roulement du...","protected":false},"author":1,"featured_media":0,"parent":0,"menu_order":0,"comment_status":"closed","ping_status":"closed","template":"","meta":{"_acf_changed":false,"footnotes":""},"class_list":["post-8539","page","type-page","status-publish","hentry"],"acf":[],"yoast_head":"<!-- This site is optimized with the Yoast SEO plugin v27.2 - https:\/\/yoast.com\/product\/yoast-seo-wordpress\/ -->\n<title>PROCESSUS - SSREI<\/title>\n<meta name=\"description\" content=\"Le processus d\u2019inclusion dans le Swiss Sustainable Real Estate Index suit une proc\u00e9dure clairement d\u00e9finie.\" \/>\n<meta name=\"robots\" content=\"index, follow, max-snippet:-1, max-image-preview:large, max-video-preview:-1\" \/>\n<link rel=\"canonical\" href=\"https:\/\/ssrei.ch\/fr\/processus\/\" \/>\n<meta property=\"og:locale\" content=\"fr_FR\" \/>\n<meta property=\"og:type\" content=\"article\" \/>\n<meta property=\"og:title\" content=\"PROCESSUS - SSREI\" \/>\n<meta property=\"og:description\" content=\"Le processus d\u2019inclusion dans le Swiss Sustainable Real Estate Index suit une proc\u00e9dure clairement d\u00e9finie.\" \/>\n<meta property=\"og:url\" content=\"https:\/\/ssrei.ch\/fr\/processus\/\" \/>\n<meta property=\"og:site_name\" content=\"SSREI\" \/>\n<meta property=\"article:modified_time\" content=\"2025-02-07T08:08:49+00:00\" \/>\n<meta name=\"twitter:card\" content=\"summary_large_image\" \/>\n<meta name=\"twitter:label1\" content=\"Dur\u00e9e de lecture estim\u00e9e\" \/>\n\t<meta name=\"twitter:data1\" content=\"2 minutes\" \/>\n<script type=\"application\/ld+json\" class=\"yoast-schema-graph\">{\"@context\":\"https:\/\/schema.org\",\"@graph\":[{\"@type\":\"WebPage\",\"@id\":\"https:\/\/ssrei.ch\/fr\/processus\/\",\"url\":\"https:\/\/ssrei.ch\/fr\/processus\/\",\"name\":\"PROCESSUS - SSREI\",\"isPartOf\":{\"@id\":\"https:\/\/ssrei.ch\/#website\"},\"datePublished\":\"2022-03-25T11:28:52+00:00\",\"dateModified\":\"2025-02-07T08:08:49+00:00\",\"description\":\"Le processus d\u2019inclusion dans le Swiss Sustainable Real Estate Index suit une proc\u00e9dure clairement d\u00e9finie.\",\"breadcrumb\":{\"@id\":\"https:\/\/ssrei.ch\/fr\/processus\/#breadcrumb\"},\"inLanguage\":\"fr-FR\",\"potentialAction\":[{\"@type\":\"ReadAction\",\"target\":[\"https:\/\/ssrei.ch\/fr\/processus\/\"]}]},{\"@type\":\"BreadcrumbList\",\"@id\":\"https:\/\/ssrei.ch\/fr\/processus\/#breadcrumb\",\"itemListElement\":[{\"@type\":\"ListItem\",\"position\":1,\"name\":\"Home\",\"item\":\"https:\/\/ssrei.ch\/fr\/\"},{\"@type\":\"ListItem\",\"position\":2,\"name\":\"PROCESSUS\"}]},{\"@type\":\"WebSite\",\"@id\":\"https:\/\/ssrei.ch\/#website\",\"url\":\"https:\/\/ssrei.ch\/\",\"name\":\"SSREI\",\"description\":\"Swiss Sustainable Real Estate Index\",\"potentialAction\":[{\"@type\":\"SearchAction\",\"target\":{\"@type\":\"EntryPoint\",\"urlTemplate\":\"https:\/\/ssrei.ch\/?s={search_term_string}\"},\"query-input\":{\"@type\":\"PropertyValueSpecification\",\"valueRequired\":true,\"valueName\":\"search_term_string\"}}],\"inLanguage\":\"fr-FR\"}]}<\/script>\n<!-- \/ Yoast SEO plugin. -->","yoast_head_json":{"title":"PROCESSUS - SSREI","description":"Le processus d\u2019inclusion dans le Swiss Sustainable Real Estate Index suit une proc\u00e9dure clairement d\u00e9finie.","robots":{"index":"index","follow":"follow","max-snippet":"max-snippet:-1","max-image-preview":"max-image-preview:large","max-video-preview":"max-video-preview:-1"},"canonical":"https:\/\/ssrei.ch\/fr\/processus\/","og_locale":"fr_FR","og_type":"article","og_title":"PROCESSUS - SSREI","og_description":"Le processus d\u2019inclusion dans le Swiss Sustainable Real Estate Index suit une proc\u00e9dure clairement d\u00e9finie.","og_url":"https:\/\/ssrei.ch\/fr\/processus\/","og_site_name":"SSREI","article_modified_time":"2025-02-07T08:08:49+00:00","twitter_card":"summary_large_image","twitter_misc":{"Dur\u00e9e de lecture estim\u00e9e":"2 minutes"},"schema":{"@context":"https:\/\/schema.org","@graph":[{"@type":"WebPage","@id":"https:\/\/ssrei.ch\/fr\/processus\/","url":"https:\/\/ssrei.ch\/fr\/processus\/","name":"PROCESSUS - SSREI","isPartOf":{"@id":"https:\/\/ssrei.ch\/#website"},"datePublished":"2022-03-25T11:28:52+00:00","dateModified":"2025-02-07T08:08:49+00:00","description":"Le processus d\u2019inclusion dans le Swiss Sustainable Real Estate Index suit une proc\u00e9dure clairement d\u00e9finie.","breadcrumb":{"@id":"https:\/\/ssrei.ch\/fr\/processus\/#breadcrumb"},"inLanguage":"fr-FR","potentialAction":[{"@type":"ReadAction","target":["https:\/\/ssrei.ch\/fr\/processus\/"]}]},{"@type":"BreadcrumbList","@id":"https:\/\/ssrei.ch\/fr\/processus\/#breadcrumb","itemListElement":[{"@type":"ListItem","position":1,"name":"Home","item":"https:\/\/ssrei.ch\/fr\/"},{"@type":"ListItem","position":2,"name":"PROCESSUS"}]},{"@type":"WebSite","@id":"https:\/\/ssrei.ch\/#website","url":"https:\/\/ssrei.ch\/","name":"SSREI","description":"Swiss Sustainable Real Estate Index","potentialAction":[{"@type":"SearchAction","target":{"@type":"EntryPoint","urlTemplate":"https:\/\/ssrei.ch\/?s={search_term_string}"},"query-input":{"@type":"PropertyValueSpecification","valueRequired":true,"valueName":"search_term_string"}}],"inLanguage":"fr-FR"}]}},"_links":{"self":[{"href":"https:\/\/ssrei.ch\/fr\/wp-json\/wp\/v2\/pages\/8539","targetHints":{"allow":["GET"]}}],"collection":[{"href":"https:\/\/ssrei.ch\/fr\/wp-json\/wp\/v2\/pages"}],"about":[{"href":"https:\/\/ssrei.ch\/fr\/wp-json\/wp\/v2\/types\/page"}],"author":[{"embeddable":true,"href":"https:\/\/ssrei.ch\/fr\/wp-json\/wp\/v2\/users\/1"}],"replies":[{"embeddable":true,"href":"https:\/\/ssrei.ch\/fr\/wp-json\/wp\/v2\/comments?post=8539"}],"version-history":[{"count":41,"href":"https:\/\/ssrei.ch\/fr\/wp-json\/wp\/v2\/pages\/8539\/revisions"}],"predecessor-version":[{"id":12874,"href":"https:\/\/ssrei.ch\/fr\/wp-json\/wp\/v2\/pages\/8539\/revisions\/12874"}],"wp:attachment":[{"href":"https:\/\/ssrei.ch\/fr\/wp-json\/wp\/v2\/media?parent=8539"}],"curies":[{"name":"wp","href":"https:\/\/api.w.org\/{rel}","templated":true}]}}